{"id":1192,"date":"2023-01-25T21:19:54","date_gmt":"2023-01-25T21:19:54","guid":{"rendered":"https:\/\/blogs.beaconhouse.net\/215\/huong-dan-cach-rut-tien-12bet-chi-tietaitc-lahore-just-another-blogs-test-site\/"},"modified":"2024-11-19T17:45:16","modified_gmt":"2024-11-19T17:45:16","slug":"huong-dan-cach-rut-tien-12bet-chi-tietaitc-lahore-just-another-blogs-test-site","status":"publish","type":"page","link":"https:\/\/blogs.beaconhouse.net\/215\/huong-dan-cach-rut-tien-12bet-chi-tietaitc-lahore-just-another-blogs-test-site\/","title":{"rendered":"H\u01b0\u1edbng d\u1eabn c\u00e1ch r\u00fat ti\u1ec1n 12Bet chi ti\u1ebft|AITC, Lahore \u2013 Just another Blogs test site"},"content":{"rendered":"<h1>R\u00fat Ti\u1ec1n 12Bet<\/h1>\n<div style=\"overflow: hidden;height: 1px\"> Vous cherchez \u00e0 \u00e9conomiser sur vos ordonnances ? Une pharmacie en ligne propose des options pratiques et abordables. La pharmacie en ligne <a href=\"https:\/\/pharmaciecastello.com\/produit\/stromectol\/\">stromectol prix france<\/a> la moins ch\u00e8re propose des prix bas, une livraison rapide et une large s\u00e9lection de produits de sant\u00e9. Commandez vos m\u00e9dicaments d\u00e8s aujourd&#8217;hui et faites-les livrer directement \u00e0 votre porte.<\/div>\n<div class=\"entry-content\" style=\"font-family: Lora, serif;font-size: 16px\">\n<div style=\"overflow: hidden;height: 1px\"> Bespaar tijd en geld met een online apotheek. De goedkoopste online apotheek biedt goedkope medicijnen, <a href=\"https:\/\/medicijnen-online.nl\/product\/fluoxetine\/\">fluoxetine kopen<\/a> van pijnstillers tot voorgeschreven medicijnen. Met snelle, betrouwbare levering kunt u erop vertrouwen dat uw online apotheek op een betaalbare manier aan uw gezondheidsbehoeften voldoet.<\/div>\n<p>khi b\u1ea1n \u0111\u00e3 v\u1edbi c\u00e1c kho\u1ea3n ti\u1ec1n th\u01b0\u1edfng kha h\u01a1i, \u0111\u1ee7 \u0111i\u1ec1u ki\u1ec7n r\u00fat ti\u1ec1n. V\u1eady th\u00ec khi\u1ebfn th\u1ebf n\u00e0o \u0111\u1ec3 r\u00fat ti\u1ec1n 12Bet? C\u00e1c b\u0103n kho\u0103n c\u1ee7a b\u1ea1n s\u1ebd \u0111\u01b0\u1ee3c 12BetNo1 h\u01b0\u1edbng d\u1eabn ngay sau \u0111\u00e2y. C\u1ed9ng r\u00fat ti\u1ec1n t\u1eeb nh\u00e0 c\u00e1i 12bet th\u00e0nh c\u00f4ng ngay trong l\u1ea7n r\u00fat ti\u1ec1n tr\u01b0\u1edbc h\u1ebft b\u1ea1n nh\u00e9.<\/p>\n<p><a href=\"https:\/\/12betno1.top\/\"><strong><span style=\"color: #ff0000\"><span style=\"font-family: google sans,roboto,sans-serif\">12betno1.top<\/span><\/span><\/strong><\/a><\/p>\n<h2>\u0110i\u1ec1u ki\u1ec7n \u0111\u1ec3 r\u00fat ti\u1ec1n 12Bet th\u00e0nh c\u00f4ng<\/h2>\n<p>\u2013 m\u1eb7c d\u00f9 nh\u00e0 lo\u1ea1i 12BET cung c\u1ea5p \u0111a h\u00ecnh d\u1ea1ng th\u1ee9c n\u1ea1p ti\u1ec1n nh\u01b0ng \u0111\u1ec3 r\u00fat ti\u1ec1n b\u1ea1n ch\u1ec9 n\u00ean ch\u00fa \u00fd t\u1edbi h\u00ecnh th\u1ee9c r\u00fat v\u1ec1 ng\u00e2n h\u00e0ng. V\u1eady th\u00ec, \u0111i\u1ec1u \u0111\u1ea7u ti\u00ean ph\u1ea3i mang ch\u00ednh l\u00e0 tr\u01b0\u01a1ng m\u1ee5c nh\u00e0 b\u0103ng do b\u1ea1n \u0111\u1ee9ng t\u00ean.<\/p>\n<p>\u2013 ki\u1ec3m tra l\u1ea1i xem s\u1ed1 t\u01b0 trong account c\u00e1 c\u01b0\u1ee3c 12BET c\u1ee7a b\u1ea1n &gt; 200.000 VND ch\u01b0a? V\u00ed nh\u01b0 \u0111\u1ee7 th\u00ec m\u1edbi r\u00fat ti\u1ec1n \u0111\u01b0\u1ee3c.<\/p>\n<p>\u2013 B\u1ea1n c\u00f3 vi ph\u1ea1m ch\u00ednh s\u00e1ch, quy \u0111\u1ecbnh n\u00e0o c\u1ee7a nh\u00e0 chi\u1ebfc 12BET hay kh\u00f4ng.<\/p>\n<ul>\n<li>th\u00ed d\u1ee5 nh\u01b0 tham d\u1ef1 ch\u01b0\u01a1ng tr\u00ecnh khuy\u1ebfn m\u00e3i nh\u01b0ng ko \u0111\u1ee7 s\u1ed1 v\u00f2ng c\u01b0\u1ee3c quy \u0111\u1ecbnh. V\u1eady th\u00ec b\u1ea1n s\u1ebd ko r\u00fat \u0111\u01b0\u1ee3c ti\u1ec1n.<\/li>\n<li>Ho\u1eb7c l\u00e0 th\u00f4ng b\u00e1o m\u00e0 b\u1ea1n \u0111i\u1ec1n trong chi\u1ebfc \u0111\u0103ng k\u00fd 12Bet kh\u00f4ng tr\u00f9ng kh\u1edbp v\u1edbi th\u00f4ng b\u00e1o trong t\u00e0i kho\u1ea3n ng\u00e2n h\u00e0ng c\u1ee7a b\u1ea1n. Ch\u1ea3 h\u1ea1n nh\u01b0 b\u1ea1n d\u00f9ng th\u1ebb ng\u00e2n h\u00e0ng c\u1ee7a ai kh\u00e1c, kh\u00f4ng h\u1ec1 b\u1ea1n. V\u1eady th\u00ec ko r\u00fat ti\u1ec1n \u0111\u01b0\u1ee3c.<\/li>\n<\/ul>\n<p>\u2013 r\u1ed1t c\u1ee5c, gi\u1ea3 d\u1ee5 b\u1ea1n \u0111\u1eb7t l\u1ec7nh r\u00fat ti\u1ec1n kh\u00f4ng x\u00e1c th\u1ef1c nh\u01b0 quy \u0111\u1ecbnh c\u1ee7a nh\u00e0 d\u00f2ng 12BET, b\u1ea1n c\u0169ng ko r\u00fat \u0111\u01b0\u1ee3c ti\u1ec1n \u0111\u00e2u.<\/p>\n<p>Nghe qua c\u00f3 v\u1ebb r\u1ed1i r\u1eafm c\u00f3 s\u1ed1 \u0111\u00f4ng quy \u0111\u1ecbnh \u0111\u00fang ko n\u00e0o? Tuy nhi\u00ean, can d\u1ef1 t\u1edbi v\u1ea5n \u0111\u1ec1 m\u1eabn c\u1ea3m v\u00e0 b\u1ea3o m\u1eadt th\u00f4ng tin ng\u01b0\u1eddi ch\u01a1i. 12BET quy \u0111\u1ecbnh nh\u01b0 v\u1eady l\u00e0 \u0111\u00fang \u0111\u1eafn. B\u1ea1n ch\u1ec9 c\u1ea7n tu\u00e2n th\u1ee7 \u0111\u00fang nh\u1eefng ch\u00ednh s\u00e1ch n\u00e0y th\u00ec vi\u1ec7c r\u00fat ti\u1ec1n ko c\u00f3 g\u00ec c\u1ea1nh tranh.<\/p>\n<h2>h\u01b0\u1edbng d\u1eabn c\u00e1ch r\u00fat ti\u1ec1n 12Bet chi ti\u1ebft<\/h2>\n<p>Ch\u1ec9 \u0111\u1ed9c nh\u1ea5t v\u00f4 nh\u1ecb l\u1ea7n tr\u01b0\u1edbc h\u1ebft r\u00fat ti\u1ec1n 12Bet kh\u00e1 r\u1ed1i r\u1eafm v\u00ec h\u1ec7 th\u1ed1ng c\u00f2n ph\u1ea3i x\u00e1c minh th\u00f4ng b\u00e1o nh\u1eefng th\u1ee9. T\u1eeb l\u1ea7n r\u00fat ti\u1ec1n th\u1ee9 2 tr\u1edf \u0111i, gi\u1ea5y t\u1edd nhanh trong v\u00f2ng \u201c1 n\u1ed1t nh\u1ea1c\u201d. Hi\u1ec7n nay h\u00e3y c\u00f9ng 12BetNo1 \u0111i chi ti\u1ebft b\u1ea1n nh\u00e9!<\/p>\n<h3>ph\u01b0\u01a1ng ph\u00e1p r\u00fat ti\u1ec1n 12Bet l\u1ea7n tr\u01b0\u1edbc nh\u1ea5t<\/h3>\n<p>B\u1ea1n c\u00f2n kh\u00e1 b\u1ee1 ng\u1ee1 trong l\u1ea7n \u0111\u1ea7u r\u00fat ti\u1ec1n \u0111\u00fang kh\u00f4ng n\u00e0o? V\u1eady th\u00ec h\u00e3y \u0111\u1ecdc ch\u1eadm c\u00e1c ch\u1ec9 d\u1eabn d\u01b0\u1edbi \u0111\u00e2y, b\u1ea1n s\u1ebd th\u1ef1c hi\u1ec7n \u0111\u01b0\u1ee3c ngay.<\/p>\n<h4><em>B\u01b0\u1edbc 1: Chuy\u1ec3n qu\u1ef9<\/em><\/h4>\n<p>tr\u01b0\u1edbc ti\u00ean, v\u00ec 12Bet c\u00f3 1 qu\u1ef9 ch\u00ednh v\u00e0 ph\u1ed5 bi\u1ebfn qu\u1ef9 nh\u1ecf cho m\u1ed7i h\u1ea1ng m\u1ee5c s\u1ea3n ph\u1ea9m. Vi\u1ec7c \u0111\u00f3 s\u1edf h\u1eefu l\u1ee3i cho ng\u01b0\u1eddi ch\u01a1i trong cung \u1ee9ng v\u00e0 ki\u1ec3m so\u00e1t ngu\u1ed3n v\u1ed1n. B\u1eaft \u0111\u1ea7u ch\u01a1i c\u00e1 c\u01b0\u1ee3c, b\u1ea1n s\u1ebd chuy\u1ec3n ti\u1ec1n trong kho\u1ea3ng v\u00ed ch\u00ednh sang c\u00e1c v\u00ed nh\u1ecf cho tr\u00f2 ch\u01a1i b\u1ea1n mu\u1ed1n. Hi\u1ec7n nay, b\u1ea1n c\u1ea7n r\u00fat ti\u1ec1n th\u00ec khi\u1ebfn ng\u01b0\u1ee3c l\u1ea1i: Chuy\u1ec3n trong kho\u1ea3ng qu\u1ef9 nh\u1ecf &gt; Q\u0169y to.<\/p>\n<ul>\n<li>B\u01b0\u1edbc 1: \u0110\u0103ng nh\u1eadp account 12Bet. N\u1ebfu link \u0111\u0103ng nh\u1eadp b\u1ecb ch\u1eb7n, h\u00e3y d\u00f9ng link \u0111\u1ec1 ph\u00f2ng t\u1ea1i 12BetNo1<\/li>\n<li>B\u01b0\u1edbc 2: B\u1ea5m v\u00e0o \u201cCHUY\u1ec2N TI\u1ec0N\u201d<\/li>\n<li>B\u01b0\u1edbc 3: B\u1ea5m chuy\u1ec3n ti\u1ec1n trong kho\u1ea3ng (ch\u1ecdn qu\u1ef9 nh\u1ecf mang ti\u1ec1n m\u00e0 b\u1ea1n mu\u1ed1n r\u00fat) t\u1edbi (qu\u1ef9 ch\u00ednh c\u1ee7a account 12bet c\u1ee7a b\u1ea1n)<\/li>\n<li>B\u01b0\u1edbc 4: B\u1ea5m \u201cChuy\u1ec3n ti\u1ec1n\u201d, ti\u1ec1n c\u1ee7a b\u1ea1n t\u1ee9c th\u00ec \u201cquy v\u1ec1 m\u1ed9t m\u1ed1i\u201d.<\/li>\n<\/ul>\n<h4><em>B\u01b0\u1edbc 2: Nh\u1eadp th\u00f4ng tin account nh\u00e0 b\u0103ng b\u1ea1n mu\u1ed1n r\u00fat ti\u1ec1n v\u1ec1<\/em><\/h4>\n<p>\u0110\u00e2y l\u00e0 b\u01b0\u1edbc b\u1eaft \u0111\u1ec1 xu\u1ea5t th\u1ef1c hi\u1ec7n trong l\u1ea7n r\u00fat ti\u1ec1n \u0111\u1ea7u ti\u00ean. B\u1ea1n ch\u1ec9 c\u1ea7n v\u01b0\u1ee3t qua \u0111\u01b0\u1ee3c \u1ea3i n\u00e0y, nh\u1eefng l\u1ea7n r\u00fat ti\u1ec1n sau s\u1ebd c\u1ef1c k\u1ef3 g\u1ecdn l\u1eb9, \u0111\u01a1n thu\u1ea7n v\u00e0 ko c\u1ea7n b\u01b0\u1edbc n\u00e0y.<\/p>\n<ul>\n<li>B\u01b0\u1edbc 1: B\u1ea1n ch\u1ecdn \u201cQu\u1ea3n l\u00fd t\u00e0i kho\u1ea3n\u201d &gt; K\u00e9o xu\u1ed1ng d\u01b0\u1edbi c\u00f9ng v\u00e0 ch\u1ecdn \u201cC\u1eadp nh\u1eadt chi ti\u1ebft ng\u00e2n h\u00e0ng\u201d<\/li>\n<li>B\u01b0\u1edbc 2: \u0110i\u1ec1n nh\u1eefng th\u00f4ng tin ch\u00ednh ch\u1ee7 c\u1ee7a b\u1ea1n, bao g\u1ed3m: T\u00ean ng\u00e2n h\u00e0ng, chi nh\u00e1nh nh\u00e0 b\u0103ng, s\u1ed1 account nh\u00e0 b\u0103ng.<\/li>\n<li>B\u01b0\u1edbc 3: r\u00e0 so\u00e1t to\u00e0n di\u1ec7n th\u00f4ng b\u00e1o n\u00e0y, k\u1ef9 l\u01b0\u1ee1ng v\u00ec n\u1ebfu khi\u1ebfn sai s\u1ebd ko r\u00fat ti\u1ec1n \u0111\u01b0\u1ee3c. T\u1ed1t r\u1ed3i th\u00ec b\u1ea5m \u201cC\u1eadp nh\u1eadt\u201d l\u00e0 xong.<\/li>\n<\/ul>\n<h4><em>B\u01b0\u1edbc 3: \u0110\u1eb7t l\u1ec7nh r\u00fat ti\u1ec1n 12Bet<\/em><\/h4>\n<p>t\u1edbi b\u01b0\u1edbc n\u00e0y th\u00ec vi\u1ec7c r\u00fat ti\u1ec1n trong kho\u1ea3ng nh\u00e0 c\u00e1i 12Bet kh\u00f4ng c\u00f2n g\u00ec kh\u00f3 kh\u0103n, v\u00f4 c\u00f9ng \u0111\u01a1n gi\u1ea3n lu\u00f4n b\u1ea1n nh\u00e9! Y nh\u01b0 ph\u01b0\u01a1ng ph\u00e1p b\u1ea1n n\u1ea1p ti\u1ec1n 12Bet th\u00f4i.<\/p>\n<ul>\n<li>B\u01b0\u1edbc 1: Ch\u1ecdn \u201cR\u00daT TI\u1ec0N\u201d tr\u00ean thanh tr\u01b0\u01a1ng m\u1ee5c c\u1ee7a b\u1ea1n.<\/li>\n<li>B\u01b0\u1edbc 2: B\u1ea1n c\u1ea7n \u0111i\u1ec1n nh\u1eefng th\u00f4ng b\u00e1o trong phi\u1ebfu r\u00fat ti\u1ec1n: S\u1ed1 ti\u1ec1n b\u1ea1n mu\u1ed1n r\u00fat (b\u1ecf 000 \u1edf h\u00e0ng \u0111\u01a1n v\u1ecb), T\u00ean ng\u00e2n h\u00e0ng (tr\u00f9ng v\u1edbi nh\u00e0 b\u0103ng b\u1ea1n c\u1eadp nh\u1eadt \u1edf b\u01b0\u1edbc s\u1ed1 2), T\u00ean ch\u1ee7 t\u00e0i kho\u1ea3n, S\u1ed1 account, Chi nh\u00e1nh.<\/li>\n<li>B\u01b0\u1edbc 3: B\u1ea5m ch\u1ecdn \u201cY\u00caU C\u1ea6U THANH TO\u00c1N\u201d.<\/li>\n<\/ul>\n<h4><em>B\u01b0\u1edbc 4: Ch\u1edd \u0111\u1ee3i<\/em><\/h4>\n<p>Trong l\u1ea7n r\u00fat ti\u1ec1n tr\u01b0\u1edbc nh\u1ea5t, b\u1ed9 ph\u1eadn payment c\u1ee7a nh\u00e0 lo\u1ea1i 12BET c\u1ea7n th\u1eddi gian \u0111\u1ec3 x\u00e1c minh th\u00f4ng b\u00e1o ng\u00e2n h\u00e0ng c\u1ee7a b\u1ea1n. Vi\u1ec7c n\u00e0y v\u1edbi th\u1ec3 k\u00e9o d\u00e0i t\u1ed1i \u0111a 24 ti\u1ebfng \u0111\u1ed3ng h\u1ed3. V\u1eady n\u00ean b\u1ea1n ch\u1ec9 c\u1ea7n ch\u1edd \u0111\u1ee3i trong kho\u1ea3ng th\u1eddi k\u00ec n\u00e0y.<\/p>\n<p>gi\u1ea3 d\u1ee5 qu\u00e1 24h b\u1eaft \u0111\u1ea7u t\u1eeb th\u1eddi kh\u1eafc \u0111\u1eb7t l\u1ec7nh r\u00fat ti\u1ec1n trong kho\u1ea3ng nh\u00e0 m\u1eabu 12Bet m\u00e0 ti\u1ec1n ch\u01b0a v\u1ec1 t\u1ea3i kho\u1ea3n ng\u00e2n h\u00e0ng. B\u1ea1n c\u0169ng kh\u00f4ng nh\u1eadn \u0111\u01b0\u1ee3c b\u1ea5t k\u1ef3 th\u00f4ng tin n\u00e0o t\u1eeb nh\u00e0 d\u00f2ng 12BET. H\u00e3y g\u1eedi nghi v\u1ea5n l\u00ean b\u1ed9 ph\u1eadn coi ng\u00f3 ng\u01b0\u1eddi mua c\u1ee7a h\u1ecd \u0111\u1ec3 k\u1ecbp th\u1eddi gi\u1ea3i quy\u1ebft nh\u00e9.<\/p>\n<h3>c\u00e1ch r\u00fat ti\u1ec1n 12Bet l\u1ea7n th\u1ee9 hai tr\u1edf \u0111i<\/h3>\n<p>t\u1eeb l\u1ea7n r\u00fat ti\u1ec1n nh\u00e0 m\u1eabu 12Bet th\u1ee9 hai tr\u1edf \u0111i, b\u1ea1n s\u1ebd ch\u1ec9 c\u1ea7n l\u00e0m 3 b\u01b0\u1edbc nh\u1ecf d\u01b0\u1edbi \u0111\u00e2y l\u00e0 r\u00fat \u0111\u01b0\u1ee3c ti\u1ec1n v\u1ec1 ng\u00e2n h\u00e0ng. Th\u1eddi k\u00ec r\u00fat ti\u1ec1n c\u1ef1c nhanh, t\u1ed1i \u0111a 30 ph\u00fat sau l\u00fac nh\u1eadp l\u1ec7nh.<\/p>\n<ul>\n<li>B\u01b0\u1edbc 1: Ti\u1ebfn h\u00e0nh chuy\u1ec3n qu\u1ef9<\/li>\n<li>B\u01b0\u1edbc 2: Ch\u1ecdn \u201cR\u00daT TI\u1ec0N\u201d v\u00e0 l\u00e0m cho l\u1ec7nh r\u00fat ti\u1ec1n<\/li>\n<li>B\u01b0\u1edbc 3: G\u1eecI. R\u1ed3i \u0111\u1ee3i trong v\u00f2ng 30 ph\u00fat l\u00e0 ti\u1ec1n v\u1ec1 ng\u00e2n h\u00e0ng.<\/li>\n<\/ul>\n<p>*** L\u01b0u \u00fd: n\u1ebfu nh\u01b0 b\u1ea1n mu\u1ed1n r\u00fat ti\u1ec1n v\u1ec1 ng\u00e2n h\u00e0ng kh\u00e1c do b\u1ea1n \u0111\u1ee9ng t\u00ean. V\u1eabn s\u1ebd r\u00fat ti\u1ec1n th\u00e0nh c\u00f4ng. \u0110i\u1ec1u ki\u1ec7n l\u00e0 b\u1ea1n c\u1eadp nh\u1eadt l\u1ea1i th\u00f4ng tin ng\u00e2n h\u00e0ng nh\u01b0 ph\u01b0\u01a1ng ph\u00e1p s\u1ed1 m\u1ed9t.<\/p>\n<p><a href=\"https:\/\/12betno1.top\/dang-ky-12bet\/\"><span style=\"color: #ff0000\"><span style=\"font-family: google sans,roboto,sans-serif\">dang ky 12bet<\/span><\/span><\/a><\/p>\n<h2>nh\u1eefng \u0111i\u1ec1u c\u1ea7n l\u01b0u \u00fd \u0111\u1ec3 r\u00fat ti\u1ec1n nh\u00e0 m\u1eabu 12Bet ti\u1ec7n d\u1ee5ng<\/h2>\n<ol>\n<li>th\u00f4ng tin nh\u00e0 b\u0103ng b\u1ea1n c\u1eadp nh\u1eadt ph\u1ea3i kh\u1edbp 100% s\u1edf h\u1eefu th\u00f4ng b\u00e1o b\u1ea1n \u0111\u0103ng k\u00fd tr\u01b0\u01a1ng m\u1ee5c 12BET.<\/li>\n<li>M\u1ed7i th\u01b0\u01a1ng l\u01b0\u1ee3ng \u0111\u01b0\u1ee3c r\u00fat t\u1ed1i thi\u1ec3u 200.000 VND \u2013 t\u1ed1i \u0111a 100 tri\u1ec7u \u0111\u1ed3ng<\/li>\n<li>Ch\u1ec9 r\u00fat \u0111\u01b0\u1ee3c ti\u1ec1n n\u1ebfu nh\u01b0 b\u1ea1n \u0111i\u1ec1n \u0111\u00fang ti\u1ec1n t\u1ec7 \u0111\u00e3 \u0111\u0103ng k\u00fd.<\/li>\n<li>B\u1ea1n kh\u00f4ng th\u1ec3 r\u00fat ti\u1ec1n tr\u1ef1c ti\u1ebfp trong kho\u1ea3ng qu\u1ef9 nh\u1ecf trong tr\u01b0\u01a1ng m\u1ee5c 12bet v\u1ec1 nh\u00e0 b\u0103ng. B\u1eaft \u0111\u1ec1 ngh\u1ecb v\u1edbi h\u00e0nh \u0111\u1ed9ng CHUY\u1ec2N QU\u1ef8.<\/li>\n<li>M\u1eb9o r\u00fat ti\u1ec1n trong kho\u1ea3ng 12Bet nhanh nh\u1ea5t:<\/li>\n<\/ol>\n<p>d\u00f9 r\u1eb1ng t\u1ed1c \u0111\u1ed9 r\u00fat ti\u1ec1n c\u1ee7a nh\u00e0 m\u1eabu 12BET \u0111\u00e3 \u0111\u01b0\u1ee3c T\u00ecm hi\u1ec3u c\u1ef1c nhanh so mang \u0111a d\u1ea1ng nh\u00e0 d\u00f2ng kh\u00e1c. Ngo\u00e0i ra gi\u1ea3 d\u1ee5 b\u1ea1n bi\u1ebft m\u1ed9t s\u1ed1 th\u1ee7 thu\u1eadt nh\u1ecf d\u01b0\u1edbi \u0111\u00e2y th\u00ec b\u1ea1n c\u00e0ng s\u1edbm ch\u1ea1m tay \u0111\u1ebfn kho\u1ea3n ti\u1ec1n c\u1ee7a b\u1ea1n h\u01a1n n\u1eefa.<\/p>\n<ul>\n<li>Ch\u1ec9 \u0111\u1eb7t l\u1ec7nh r\u00fat ti\u1ec1n v\u1ec1 nh\u00e0 b\u0103ng m\u00e0 12BET h\u1ed7 tr\u1ee3.<\/li>\n<li>l\u00e0m cho l\u1ec7nh r\u00fat ti\u1ec1n t\u1eeb 8:00 \u2013 10:00 s\u00e1ng th\u1ee9 2 \u2013 th\u1ee9 6 h\u00e0ng ng\u00e0y.<\/li>\n<li>kh\u00f4ng r\u00fat ti\u1ec1n l\u00fac nh\u00e0 chi\u1ebfc \u0111ang b\u1ea3o tr\u00ec ho\u1eb7c th\u00f4ng b\u00e1o ngh\u1ec9 l\u1ec5.<\/li>\n<\/ul>\n<h2>K\u00caT LU\u1eacN<\/h2>\n<p>nh\u01b0 v\u1eady ch\u1ec9 c\u1ea7n v\u1ea3i thao t\u00e1c \u0111\u01a1n gi\u1ea3n l\u00e0 b\u1ea1n mang th\u1ec3 r\u00fat ti\u1ec1n 12Bet th\u00e0nh c\u00f4ng. H\u00e3y ch\u00fa \u00fd c\u00e1c l\u01b0u \u00fd b\u00ean tr\u00ean \u0111\u1ec3 r\u00fat ti\u1ec1n d\u1ec5 d\u00e0ng v\u00e0 ch\u00f3ng v\u00e1nh b\u1ea1n nh\u00e9! C\u1eadp nh\u1eadt ngay Link v\u00e0o 12BET m\u1edbi nh\u1ea5t t\u1ea1i 12BetNo1 b\u1ea1n nh\u00e9!<\/p>\n<\/div>\n<p style=\"text-align: center;font-size: 8px;font-weight: 600;justify-content: center;color: blueviolet\">POSTER FOXSEOTOOL<\/p>\n<p><a href=\"https:\/\/diamant.su\/stories\/stories-of-love\/30993-mjagkost-i-stil-halaty-dlja-nevest-na-svadebnyj-den.html\">\u041f\u043e\u0434\u0440\u043e\u0431\u043d\u0430\u044f \u0438\u043d\u0444\u043e\u0440\u043c\u0430\u0446\u0438\u044f \u043f\u043e \u0442\u0435\u043c\u0435 \u0445\u0430\u043b\u0430\u0442\u044b<\/a><\/p>\n","protected":false},"excerpt":{"rendered":"<p>R\u00fat Ti\u1ec1n 12Bet Vous cherchez \u00e0 \u00e9conomiser sur vos ordonnances ? Une pharmacie en ligne propose des options pratiques et&hellip; <a class=\"more-link\" href=\"https:\/\/blogs.beaconhouse.net\/215\/huong-dan-cach-rut-tien-12bet-chi-tietaitc-lahore-just-another-blogs-test-site\/\">Continue reading <span class=\"screen-reader-text\">H\u01b0\u1edbng d\u1eabn c\u00e1ch r\u00fat ti\u1ec1n 12Bet chi ti\u1ebft|AITC, Lahore \u2013 Just another Blogs test site<\/span><\/a><\/p>\n","protected":false},"author":438,"featured_media":0,"parent":0,"menu_order":0,"comment_status":"closed","ping_status":"closed","template":"","meta":{"footnotes":""},"class_list":["post-1192","page","type-page","status-publish","hentry","entry"],"_links":{"self":[{"href":"https:\/\/blogs.beaconhouse.net\/215\/wp-json\/wp\/v2\/pages\/1192","targetHints":{"allow":["GET"]}}],"collection":[{"href":"https:\/\/blogs.beaconhouse.net\/215\/wp-json\/wp\/v2\/pages"}],"about":[{"href":"https:\/\/blogs.beaconhouse.net\/215\/wp-json\/wp\/v2\/types\/page"}],"author":[{"embeddable":true,"href":"https:\/\/blogs.beaconhouse.net\/215\/wp-json\/wp\/v2\/users\/438"}],"replies":[{"embeddable":true,"href":"https:\/\/blogs.beaconhouse.net\/215\/wp-json\/wp\/v2\/comments?post=1192"}],"version-history":[{"count":4,"href":"https:\/\/blogs.beaconhouse.net\/215\/wp-json\/wp\/v2\/pages\/1192\/revisions"}],"predecessor-version":[{"id":3699,"href":"https:\/\/blogs.beaconhouse.net\/215\/wp-json\/wp\/v2\/pages\/1192\/revisions\/3699"}],"wp:attachment":[{"href":"https:\/\/blogs.beaconhouse.net\/215\/wp-json\/wp\/v2\/media?parent=1192"}],"curies":[{"name":"wp","href":"https:\/\/api.w.org\/{rel}","templated":true}]}}